{"id":59,"date":"2025-01-31T12:26:41","date_gmt":"2025-01-31T12:26:41","guid":{"rendered":"https:\/\/bandetergo.dk\/?page_id=59"},"modified":"2025-08-10T14:46:31","modified_gmt":"2025-08-10T14:46:31","slug":"om-os","status":"publish","type":"page","link":"https:\/\/bandetergo.dk\/?page_id=59","title":{"rendered":"Om os"},"content":{"rendered":"\n<h2 class=\"wp-block-heading is-style-text-display has-base-color has-text-color has-link-color has-xx-large-font-size wp-elements-051010ad15b9ae8da97ccbde6f4a7419 is-style-text-display--1\" style=\"margin-top:0;margin-bottom:0\">Om os<\/h2>\n\n\n\n<div class=\"wp-block-columns is-layout-flex wp-container-core-columns-is-layout-28f84493 wp-block-columns-is-layout-flex\">\n<div class=\"wp-block-column is-layout-flow wp-block-column-is-layout-flow\">\n<figure class=\"wp-block-image size-large\"><img loading=\"lazy\" decoding=\"async\" width=\"768\" height=\"1024\" src=\"https:\/\/bandetergo.dk\/wp-content\/uploads\/2025\/06\/Band-shoot-digital-45-768x1024.jpg\" alt=\"\" class=\"wp-image-133\" style=\"object-fit:cover\" srcset=\"https:\/\/bandetergo.dk\/wp-content\/uploads\/2025\/06\/Band-shoot-digital-45-768x1024.jpg 768w, https:\/\/bandetergo.dk\/wp-content\/uploads\/2025\/06\/Band-shoot-digital-45-225x300.jpg 225w, https:\/\/bandetergo.dk\/wp-content\/uploads\/2025\/06\/Band-shoot-digital-45-1152x1536.jpg 1152w, https:\/\/bandetergo.dk\/wp-content\/uploads\/2025\/06\/Band-shoot-digital-45-1536x2048.jpg 1536w, https:\/\/bandetergo.dk\/wp-content\/uploads\/2025\/06\/Band-shoot-digital-45-scaled.jpg 1920w\" sizes=\"auto, (max-width: 768px) 100vw, 768px\" \/><\/figure>\n<\/div>\n<\/div>\n\n\n\n<p class=\"has-base-color has-text-color has-link-color has-medium-font-size wp-elements-92b589310c815c268ae2469330a70d60\">ERGO er et nyt dansksproget elektronisk pop\/rock-band, der debuterer med ny stor energi og et unikt musikalsk univers som skriger store arenaer og f\u00e6llessang <\/p>\n\n\n\n<p class=\"has-base-color has-text-color has-link-color has-medium-font-size wp-elements-42ebafaa9065c923b5df5c9f0e46ba4e\">Bandet best\u00e5r af fem unge musikere fra Aalborg og \u00c5rhus, der forener nostalgiske melodier med moderne produktioner og skaber sange, der r\u00f8r os alle. Med dr\u00f8mmende synthesizere, drivende guitarer og en k\u00e6mpe energi, udforsker ERGO de mange facetter af livet som ung \u2013 fra jubel og eufori til eftert\u00e6nksomhed og melankoli.<\/p>\n\n\n\n<p class=\"has-base-color has-text-color has-link-color has-medium-font-size wp-elements-6d365985dde529d422890701e3a4365a\">ERGO\u2019s musik er skabt med en ambition om at samle mennesker. Deres sange inviterer lytteren ind i et f\u00e6llesskab, hvor man m\u00e5 v\u00e6re sig selv \u2013 ogs\u00e5 n\u00e5r livet er uoverskueligt. Teksterne balancerer mellem det personlige og det universelle og tager udgangspunkt i bandets egne oplevelser og refleksioner over livet p\u00e5 kanten mellem ungdommens kompleksitet og voksenlivets ansvar.<\/p>\n\n\n\n<p class=\"has-base-color has-text-color has-link-color has-medium-font-size wp-elements-29c9803e36809e757f49b086a399d0a0\">N\u00e5r ERGO tr\u00e6der op p\u00e5 scenen, er planen, at ingen skal g\u00e5 tomh\u00e6ndet hjem. Publikum kan forvente en koncertoplevelse, der f\u00e5r selv det mindste spillested i hjembyen Aalborg til at f\u00f8les som det st\u00f8rste stadion. Bandet skaber en atmosf\u00e6re, hvor man kan give sig hen til musikken \u2013 hvad enten det handler om at synge med, danse eller bare nyde deres sange. ERGO laver et liveshow, der bliver siddende l\u00e6nge efter sidste nummer.<\/p>\n\n\n\n<p class=\"has-base-color has-text-color has-link-color has-medium-font-size wp-elements-7ea448fd3d205b2e0b8977a986f2ea64\">Som inspirationskilder tr\u00e6kker ERGO tr\u00e5de til bands som Coldplay, Carpark North, The 1975 og The Minds of 99, hvilket afspejler sig i deres store lydunivers og melodiske ambitioner. <\/p>\n\n\n\n<p class=\"has-base-color has-text-color has-link-color has-medium-font-size wp-elements-542aa11dd484048bd1517f9f84388ef6\">Deres debut signalerer starten p\u00e5 noget stort, hvor nostalgi og nutid forenes i en lyd, der taler til flere generationer.<\/p>\n","protected":false},"excerpt":{"rendered":"<p>Om os ERGO er et nyt dansksproget elektronisk pop\/rock-band, der debuterer med ny stor energi og et unikt musikalsk univers som skriger store arenaer og f\u00e6llessang Bandet best\u00e5r af fem unge musikere fra Aalborg og \u00c5rhus, der forener nostalgiske melodier med moderne produktioner og skaber sange, der r\u00f8r os alle. Med dr\u00f8mmende synthesizere, drivende guitarer [&hellip;]<\/p>\n","protected":false},"author":1,"featured_media":0,"parent":0,"menu_order":2,"comment_status":"closed","ping_status":"closed","template":"","meta":{"footnotes":""},"class_list":["post-59","page","type-page","status-publish","hentry"],"_links":{"self":[{"href":"https:\/\/bandetergo.dk\/index.php?rest_route=\/wp\/v2\/pages\/59","targetHints":{"allow":["GET"]}}],"collection":[{"href":"https:\/\/bandetergo.dk\/index.php?rest_route=\/wp\/v2\/pages"}],"about":[{"href":"https:\/\/bandetergo.dk\/index.php?rest_route=\/wp\/v2\/types\/page"}],"author":[{"embeddable":true,"href":"https:\/\/bandetergo.dk\/index.php?rest_route=\/wp\/v2\/users\/1"}],"replies":[{"embeddable":true,"href":"https:\/\/bandetergo.dk\/index.php?rest_route=%2Fwp%2Fv2%2Fcomments&post=59"}],"version-history":[{"count":12,"href":"https:\/\/bandetergo.dk\/index.php?rest_route=\/wp\/v2\/pages\/59\/revisions"}],"predecessor-version":[{"id":281,"href":"https:\/\/bandetergo.dk\/index.php?rest_route=\/wp\/v2\/pages\/59\/revisions\/281"}],"wp:attachment":[{"href":"https:\/\/bandetergo.dk\/index.php?rest_route=%2Fwp%2Fv2%2Fmedia&parent=59"}],"curies":[{"name":"wp","href":"https:\/\/api.w.org\/{rel}","templated":true}]}}